{"id":1837,"date":"2024-07-07T18:21:06","date_gmt":"2024-07-07T18:21:06","guid":{"rendered":"https:\/\/nour-alqalam.com\/?page_id=1837"},"modified":"2024-07-07T18:33:00","modified_gmt":"2024-07-07T18:33:00","slug":"a-propos-de-nous","status":"publish","type":"page","link":"https:\/\/nour-alqalam.com\/index.php\/a-propos-de-nous\/","title":{"rendered":"\u00c0 propos de nous"},"content":{"rendered":"<div class=\"wpb-content-wrapper\"><p>[vc_row][vc_column width=\u00a0\u00bb1\/6&Prime;][\/vc_column][vc_column width=\u00a0\u00bb2\/3&Prime;][vc_text_separator title=\u00a0\u00bb\u00c0 propos de nous\u00a0\u00bb css=\u00a0\u00bb\u00a0\u00bb style=\u00a0\u00bbsolid\u00a0\u00bb][vc_column_text]<\/p><p><strong>Notre Histoire<\/strong><br \/>\nFond\u00e9 par Noureddine Erradi, Nour-Alqalam est le fruit d&rsquo;une vie d\u00e9di\u00e9e \u00e0 l&rsquo;\u00e9ducation, \u00e0 la<br \/>\ncommunication interculturelle et \u00e0 la cr\u00e9ation artistique. Originaire du Maroc et ayant pass\u00e9 plus<br \/>\nde trois d\u00e9cennies en Europe, Noureddine a combin\u00e9 son expertise en psychologie et en<br \/>\nlitt\u00e9rature avec son amour profond pour la calligraphie arabe pour lancer Nour-Alqalam. Inspir\u00e9<br \/>\npar les proverbes arabes riches en enseignements et par la beaut\u00e9 de l&rsquo;\u00e9criture arabe, il a cr\u00e9\u00e9<br \/>\nune ligne de v\u00eatements qui c\u00e9l\u00e8bre ces \u00e9l\u00e9ments culturels essentiels.<\/p><p><strong>Notre Mission<\/strong><br \/>\nChez Nour-Alqalam, notre mission est de promouvoir la beaut\u00e9 et la richesse des proverbes<br \/>\narabes et de la calligraphie arabe. Nous nous engageons \u00e0 revitaliser et partager notre h\u00e9ritage<br \/>\nculturel avec les communaut\u00e9s arabes et europ\u00e9ennes, en insufflant un nouveau souffle dans<br \/>\nl&rsquo;art traditionnel \u00e0 travers des v\u00eatements modernes et \u00e9l\u00e9gants.<\/p><p><strong>Nos Produits<\/strong><br \/>\nNous offrons une gamme de T-shirts, sweaters et hoodies de haute qualit\u00e9, chacun orn\u00e9 de<br \/>\nproverbes arabes exprim\u00e9s en calligraphie arabe. Chaque article est con\u00e7u pour v\u00e9hiculer un<br \/>\nmessage d&rsquo;optimisme et d&rsquo;inspiration, invitant celui qui le porte \u00e0 r\u00e9fl\u00e9chir et \u00e0 partager cette<br \/>\nrichesse culturelle. Les traductions de ces proverbes en plusieurs langues sont \u00e9galement<br \/>\nincluses pour enrichir l&rsquo;exp\u00e9rience de nos clients et faciliter le partage de ces messages<br \/>\nprofonds.<\/p><p><strong>Notre Engagement<\/strong><br \/>\nNour-Alqalam s&rsquo;engage non seulement \u00e0 offrir des produits de qualit\u00e9, mais aussi \u00e0 soutenir les<br \/>\ncommunaut\u00e9s \u00e0 travers l&rsquo;\u00e9ducation et le dialogue interculturel. Une partie des b\u00e9n\u00e9fices est<br \/>\nrevers\u00e9e \u00e0 des initiatives \u00e9ducatives qui favorisent la compr\u00e9hension et l&rsquo;int\u00e9gration culturelle.<br \/>\nEn portant un produit Nour-Alqalam, vous contribuez \u00e0 partager un message d&rsquo;optimisme et<br \/>\nd&rsquo;amour, et vous soutenez notre mission de promouvoir le respect et la compr\u00e9hension mutuelle<br \/>\n\u00e0 travers des fronti\u00e8res culturelles.<\/p><p><strong>Rejoignez-nous<\/strong><br \/>\nEmbarquez dans ce voyage avec nous pour red\u00e9couvrir et c\u00e9l\u00e9brer la beaut\u00e9 de l&rsquo;art arabe.<br \/>\nChaque v\u00eatement que vous portez n&rsquo;est pas seulement un acte de mode, mais un dialogue, une<br \/>\ninvitation \u00e0 explorer et \u00e0 appr\u00e9cier notre riche h\u00e9ritage culturel.<br \/>\nPour en savoir plus sur nos produits et nos initiatives, visitez notre site web et suivez-nous sur<br \/>\nles r\u00e9seaux sociaux.<\/p>\n<p>[\/vc_column_text][\/vc_column][vc_column width=\u00a0\u00bb1\/6&Prime;][\/vc_column][\/vc_row][vc_row][vc_column][\/vc_column][\/vc_row]<\/p><\/div>","protected":false},"excerpt":{"rendered":"<p>[vc_row][vc_column width=\u00a0\u00bb1\/6&Prime;][\/vc_column][vc_column width=\u00a0\u00bb2\/3&Prime;][vc_text_separator title=\u00a0\u00bb\u00c0 propos de nous\u00a0\u00bb css=\u00a0\u00bb\u00a0\u00bb style=\u00a0\u00bbsolid\u00a0\u00bb][vc_column_text] Notre Histoire Fond\u00e9 par Noureddine Erradi, Nour-Alqalam est le fruit d&rsquo;une vie d\u00e9di\u00e9e \u00e0 l&rsquo;\u00e9ducation, \u00e0 la communication interculturelle et \u00e0 la cr\u00e9ation artistique. Originaire du Maroc et ayant pass\u00e9 plus de trois d\u00e9cennies en Europe, Noureddine a combin\u00e9 son expertise en psychologie et en litt\u00e9rature [&hellip;]<\/p>\n","protected":false},"author":2,"featured_media":0,"parent":0,"menu_order":0,"comment_status":"closed","ping_status":"closed","template":"","meta":{"footnotes":""},"class_list":["post-1837","page","type-page","status-publish","hentry"],"jetpack_sharing_enabled":true,"_links":{"self":[{"href":"https:\/\/nour-alqalam.com\/index.php\/wp-json\/wp\/v2\/pages\/1837","targetHints":{"allow":["GET"]}}],"collection":[{"href":"https:\/\/nour-alqalam.com\/index.php\/wp-json\/wp\/v2\/pages"}],"about":[{"href":"https:\/\/nour-alqalam.com\/index.php\/wp-json\/wp\/v2\/types\/page"}],"author":[{"embeddable":true,"href":"https:\/\/nour-alqalam.com\/index.php\/wp-json\/wp\/v2\/users\/2"}],"replies":[{"embeddable":true,"href":"https:\/\/nour-alqalam.com\/index.php\/wp-json\/wp\/v2\/comments?post=1837"}],"version-history":[{"count":2,"href":"https:\/\/nour-alqalam.com\/index.php\/wp-json\/wp\/v2\/pages\/1837\/revisions"}],"predecessor-version":[{"id":1839,"href":"https:\/\/nour-alqalam.com\/index.php\/wp-json\/wp\/v2\/pages\/1837\/revisions\/1839"}],"wp:attachment":[{"href":"https:\/\/nour-alqalam.com\/index.php\/wp-json\/wp\/v2\/media?parent=1837"}],"curies":[{"name":"wp","href":"https:\/\/api.w.org\/{rel}","templated":true}]}}